{"id":178,"date":"2023-07-27T22:28:14","date_gmt":"2023-07-27T22:28:14","guid":{"rendered":"https:\/\/magicislands.pt\/contactos\/"},"modified":"2023-07-27T22:28:14","modified_gmt":"2023-07-27T22:28:14","slug":"contactos","status":"publish","type":"page","link":"https:\/\/magicislands.pt\/pt\/contactos\/","title":{"rendered":"Contactos"},"content":{"rendered":"<p>Se necessita de ajuda ou tem alguma d\u00favida sobre a sua reserva ou o nosso servi\u00e7o, <strong>preencha o formul\u00e1rio de contacto<\/strong> dispon\u00edvel nesta p\u00e1gina.<\/p>\n<p>Em alternativa, poder\u00e1 igualmente falar connosco pelos canais de contacto dispon\u00edveis abaixo, referentes \u00e0s nossas instala\u00e7\u00f5es na Ilha de S\u00e3o Miguel (A\u00e7ores) e Ilha da Madeira.<\/p>\n","protected":false},"excerpt":{"rendered":"<p>Se necessita de ajuda ou tem alguma d\u00favida sobre a sua reserva ou o nosso servi\u00e7o, preencha o formul\u00e1rio de contacto dispon\u00edvel nesta p\u00e1gina. Em alternativa, poder\u00e1 igualmente falar connosco pelos canais de contacto dispon\u00edveis abaixo, referentes \u00e0s nossas instala\u00e7\u00f5es na Ilha de S\u00e3o Miguel (A\u00e7ores) e Ilha da Madeira.<\/p>\n","protected":false},"author":1,"featured_media":0,"parent":0,"menu_order":0,"comment_status":"closed","ping_status":"closed","template":"contacts.php","meta":{"_acf_changed":false,"footnotes":""},"class_list":["post-178","page","type-page","status-publish","hentry"],"acf":[],"yoast_head":"<!-- This site is optimized with the Yoast SEO plugin v25.1 - https:\/\/yoast.com\/wordpress\/plugins\/seo\/ -->\n<title>Contactos - Magic Islands<\/title>\n<meta name=\"robots\" content=\"index, follow, max-snippet:-1, max-image-preview:large, max-video-preview:-1\" \/>\n<link rel=\"canonical\" href=\"https:\/\/magicislands.pt\/pt\/contactos\/\" \/>\n<meta property=\"og:locale\" content=\"pt_PT\" \/>\n<meta property=\"og:type\" content=\"article\" \/>\n<meta property=\"og:title\" content=\"Contactos - Magic Islands\" \/>\n<meta property=\"og:description\" content=\"Se necessita de ajuda ou tem alguma d\u00favida sobre a sua reserva ou o nosso servi\u00e7o, preencha o formul\u00e1rio de contacto dispon\u00edvel nesta p\u00e1gina. Em alternativa, poder\u00e1 igualmente falar connosco pelos canais de contacto dispon\u00edveis abaixo, referentes \u00e0s nossas instala\u00e7\u00f5es na Ilha de S\u00e3o Miguel (A\u00e7ores) e Ilha da Madeira.\" \/>\n<meta property=\"og:url\" content=\"https:\/\/magicislands.pt\/pt\/contactos\/\" \/>\n<meta property=\"og:site_name\" content=\"Magic Islands\" \/>\n<meta name=\"twitter:card\" content=\"summary_large_image\" \/>\n<meta name=\"twitter:label1\" content=\"Tempo estimado de leitura\" \/>\n\t<meta name=\"twitter:data1\" content=\"1 minuto\" \/>\n<script type=\"application\/ld+json\" class=\"yoast-schema-graph\">{\"@context\":\"https:\/\/schema.org\",\"@graph\":[{\"@type\":\"WebPage\",\"@id\":\"https:\/\/magicislands.pt\/pt\/contactos\/\",\"url\":\"https:\/\/magicislands.pt\/pt\/contactos\/\",\"name\":\"Contactos - Magic Islands\",\"isPartOf\":{\"@id\":\"https:\/\/magicislands.pt\/pt\/#website\"},\"datePublished\":\"2023-07-27T22:28:14+00:00\",\"inLanguage\":\"pt-PT\",\"potentialAction\":[{\"@type\":\"ReadAction\",\"target\":[\"https:\/\/magicislands.pt\/pt\/contactos\/\"]}]},{\"@type\":\"WebSite\",\"@id\":\"https:\/\/magicislands.pt\/pt\/#website\",\"url\":\"https:\/\/magicislands.pt\/pt\/\",\"name\":\"Magic Islands\",\"description\":\"Rent a Car A\u00e7ores e Madeira\",\"potentialAction\":[{\"@type\":\"SearchAction\",\"target\":{\"@type\":\"EntryPoint\",\"urlTemplate\":\"https:\/\/magicislands.pt\/pt\/?s={search_term_string}\"},\"query-input\":{\"@type\":\"PropertyValueSpecification\",\"valueRequired\":true,\"valueName\":\"search_term_string\"}}],\"inLanguage\":\"pt-PT\"}]}<\/script>\n<!-- \/ Yoast SEO plugin. -->","yoast_head_json":{"title":"Contactos - Magic Islands","robots":{"index":"index","follow":"follow","max-snippet":"max-snippet:-1","max-image-preview":"max-image-preview:large","max-video-preview":"max-video-preview:-1"},"canonical":"https:\/\/magicislands.pt\/pt\/contactos\/","og_locale":"pt_PT","og_type":"article","og_title":"Contactos - Magic Islands","og_description":"Se necessita de ajuda ou tem alguma d\u00favida sobre a sua reserva ou o nosso servi\u00e7o, preencha o formul\u00e1rio de contacto dispon\u00edvel nesta p\u00e1gina. Em alternativa, poder\u00e1 igualmente falar connosco pelos canais de contacto dispon\u00edveis abaixo, referentes \u00e0s nossas instala\u00e7\u00f5es na Ilha de S\u00e3o Miguel (A\u00e7ores) e Ilha da Madeira.","og_url":"https:\/\/magicislands.pt\/pt\/contactos\/","og_site_name":"Magic Islands","twitter_card":"summary_large_image","twitter_misc":{"Tempo estimado de leitura":"1 minuto"},"schema":{"@context":"https:\/\/schema.org","@graph":[{"@type":"WebPage","@id":"https:\/\/magicislands.pt\/pt\/contactos\/","url":"https:\/\/magicislands.pt\/pt\/contactos\/","name":"Contactos - Magic Islands","isPartOf":{"@id":"https:\/\/magicislands.pt\/pt\/#website"},"datePublished":"2023-07-27T22:28:14+00:00","inLanguage":"pt-PT","potentialAction":[{"@type":"ReadAction","target":["https:\/\/magicislands.pt\/pt\/contactos\/"]}]},{"@type":"WebSite","@id":"https:\/\/magicislands.pt\/pt\/#website","url":"https:\/\/magicislands.pt\/pt\/","name":"Magic Islands","description":"Rent a Car A\u00e7ores e Madeira","potentialAction":[{"@type":"SearchAction","target":{"@type":"EntryPoint","urlTemplate":"https:\/\/magicislands.pt\/pt\/?s={search_term_string}"},"query-input":{"@type":"PropertyValueSpecification","valueRequired":true,"valueName":"search_term_string"}}],"inLanguage":"pt-PT"}]}},"_links":{"self":[{"href":"https:\/\/magicislands.pt\/pt\/wp-json\/wp\/v2\/pages\/178","targetHints":{"allow":["GET"]}}],"collection":[{"href":"https:\/\/magicislands.pt\/pt\/wp-json\/wp\/v2\/pages"}],"about":[{"href":"https:\/\/magicislands.pt\/pt\/wp-json\/wp\/v2\/types\/page"}],"author":[{"embeddable":true,"href":"https:\/\/magicislands.pt\/pt\/wp-json\/wp\/v2\/users\/1"}],"replies":[{"embeddable":true,"href":"https:\/\/magicislands.pt\/pt\/wp-json\/wp\/v2\/comments?post=178"}],"version-history":[{"count":0,"href":"https:\/\/magicislands.pt\/pt\/wp-json\/wp\/v2\/pages\/178\/revisions"}],"wp:attachment":[{"href":"https:\/\/magicislands.pt\/pt\/wp-json\/wp\/v2\/media?parent=178"}],"curies":[{"name":"wp","href":"https:\/\/api.w.org\/{rel}","templated":true}]}}