{"id":181,"date":"2023-07-06T00:02:54","date_gmt":"2023-07-06T00:02:54","guid":{"rendered":"https:\/\/magicislands.pt\/rgpd-politica-de-privacidade\/"},"modified":"2024-11-05T11:23:15","modified_gmt":"2024-11-05T11:23:15","slug":"rgpd-politica-de-privacidade","status":"publish","type":"page","link":"https:\/\/magicislands.pt\/pt\/rgpd-politica-de-privacidade\/","title":{"rendered":"RGPD &#8211; Pol\u00edtica de Privacidade"},"content":{"rendered":"<h3><b>POL\u00cdTICA DE PRIVACIDADE MAGIC ISLANDS RENT-A-CAR, UNIP., LDA.<\/b><\/h3>\n<div style=\"margin-bottom: 70px; margin-top: 30px; font-size: 15px;\">A presente Pol\u00edtica de Privacidade destina-se a informar como a <strong>Magic Islands Rent-a-Car, Unip. Lda.<\/strong> recolhe, utiliza, divulga, e protege os dados pessoais dos seus clientes e utilizadores dos nossos servi\u00e7os de aluguer de autom\u00f3veis. Esta pol\u00edtica \u00e9 elaborada em conformidade com o <strong>Regulamento Geral sobre a Prote\u00e7\u00e3o de Dados (RGPD)<\/strong> e a legisla\u00e7\u00e3o portuguesa aplic\u00e1vel em mat\u00e9ria de prote\u00e7\u00e3o de dados.<strong>1. Respons\u00e1vel pelo Tratamento dos Dados<\/strong><br \/>\nA Magic Islands Rent-a-car com sede em Rua Dr. Joao Abel Freitas, n.\u00ba 22 PI 3 BA, freguesia e concelho de Machico, n\u00famero de identifica\u00e7\u00e3o fiscal 515417912, \u00e9 a entidade respons\u00e1vel pelo tratamento dos seus dados pessoais no contexto dos servi\u00e7os de aluguer de autom\u00f3veis que prestamos.<\/p>\n<p><strong>2. Dados Pessoais Recolhidos<\/strong><br \/>\nRecolhemos os seguintes dados pessoais quando contrata os nossos servi\u00e7os:<br \/>\n \u2022 <strong>Dados de Identifica\u00e7\u00e3o:<\/strong> Nome, apelido, data de nascimento, documento de identifica\u00e7\u00e3o (Cart\u00e3o de Cidad\u00e3o ou Passaporte), n\u00famero de carta de condu\u00e7\u00e3o.<br \/>\n \u2022 <strong>Dados de Contacto:<\/strong> Morada, endere\u00e7o de email, n\u00famero de telefone.<br \/>\n \u2022 <strong>Dados Financeiros:<\/strong> Informa\u00e7\u00e3o de pagamento, como n\u00famero de cart\u00e3o de cr\u00e9dito ou outras informa\u00e7\u00f5es de pagamento.<br \/>\n \u2022 <strong>Informa\u00e7\u00f5es sobre o Ve\u00edculo:<\/strong> Dados relacionados ao contrato de aluguer, incluindo datas de aluguer, ve\u00edculo escolhido, quilometragem, entre outros.<br \/>\n \u2022 <strong>Dados de Localiza\u00e7\u00e3o:<\/strong> Caso o ve\u00edculo alugado esteja equipado com GPS, podemos recolher informa\u00e7\u00f5es sobre a localiza\u00e7\u00e3o do ve\u00edculo.<br \/>\n \u2022 <strong>Outros Dados:<\/strong> Fotografias ou grava\u00e7\u00f5es em v\u00eddeo de incidentes relacionados com o ve\u00edculo (em caso de sinistros ou danos no ve\u00edculo).<\/p>\n<p><strong>3. Finalidade do Tratamento dos Dados<\/strong><br \/>\nOs dados pessoais recolhidos ser\u00e3o utilizados para as seguintes finalidades:<br \/>\n \u2022 <strong>Execu\u00e7\u00e3o do Contrato de Aluguer:<\/strong> Para processar e gerir o seu contrato de aluguer de autom\u00f3veis.<br \/>\n \u2022 <strong>Cumprimento de Obriga\u00e7\u00f5es Legais:<\/strong> Para cumprimento das obriga\u00e7\u00f5es legais, incluindo as fiscais e contabil\u00edsticas.<br \/>\n \u2022 <strong>Comunica\u00e7\u00f5es com o Cliente:<\/strong> Para fornecer informa\u00e7\u00f5es importantes relacionadas com o aluguer, como altera\u00e7\u00f5es de hor\u00e1rio, ou informa\u00e7\u00f5es sobre o ve\u00edculo.<br \/>\n \u2022 <strong>Gest\u00e3o de Reclama\u00e7\u00f5es e Sinistros:<\/strong> Para gerir eventuais reclama\u00e7\u00f5es ou sinistros relacionados com o aluguer do ve\u00edculo.<br \/>\n \u2022 <strong>Preven\u00e7\u00e3o de Fraude e Seguran\u00e7a:<\/strong> Para garantir a seguran\u00e7a e integridade dos ve\u00edculos alugados e prevenir fraudes.<\/p>\n<p><strong>4. Fundamento Jur\u00eddico para o Tratamento<\/strong><br \/>\nO tratamento dos seus dados pessoais baseia-se nos seguintes fundamentos jur\u00eddicos:<br \/>\n \u2022 <strong>Execu\u00e7\u00e3o de Contrato: <\/strong>Necessidade de tratamento para a execu\u00e7\u00e3o do contrato de aluguer ou para dilig\u00eancias pr\u00e9-contratuais.<br \/>\n \u2022 <strong>Cumprimento de Obriga\u00e7\u00f5es Legais:<\/strong> Necessidade de cumprir as obriga\u00e7\u00f5es legais a que estamos sujeitos.<br \/>\n \u2022 <strong>Interesses Leg\u00edtimos:<\/strong> Sempre que necess\u00e1rio para a preven\u00e7\u00e3o de fraudes, prote\u00e7\u00e3o dos nossos direitos e propriedade, ou para melhorar os nossos servi\u00e7os, desde que n\u00e3o prevale\u00e7am os seus direitos e liberdades.<br \/>\n \u2022 <strong>Consentimento:<\/strong> Nos casos em que for necess\u00e1rio o seu consentimento (ex.: marketing), ter\u00e1 o direito de o retirar a qualquer momento.<\/p>\n<p><strong>5. Partilha de Dados com Terceiros<\/strong><br \/>\nPodemos partilhar os seus dados pessoais com os seguintes terceiros:<br \/>\n \u2022 <strong>Autoridades Governamentais:<\/strong> Quando for necess\u00e1rio para cumprir uma obriga\u00e7\u00e3o legal ou por ordem de uma autoridade competente (ex.: for\u00e7as policiais, entidades fiscalizadoras da atividade).<br \/>\n \u2022 <strong>Prestadores de Servi\u00e7os: <\/strong>Empresas parceiras ou subcontratadas que prestem servi\u00e7os em nosso nome, como processadores de pagamento, empresas de manuten\u00e7\u00e3o de ve\u00edculos ou seguradoras.<br \/>\n \u2022 <strong>Empresas de Seguros:<\/strong> Para gest\u00e3o de sinistros relacionados com o ve\u00edculo alugado.<\/p>\n<p><strong>6. Conserva\u00e7\u00e3o de Dados<\/strong><br \/>\nOs dados pessoais ser\u00e3o conservados pelo per\u00edodo m\u00ednimo de tr\u00eas anos ou pelo per\u00edodo estritamente necess\u00e1rio para cumprir as finalidades para as quais foram recolhidos, ou para cumprimento de obriga\u00e7\u00f5es legais. Ap\u00f3s esse per\u00edodo, os dados ser\u00e3o eliminados de forma segura.<\/p>\n<p><strong>7. Direitos dos Titulares dos Dados<\/strong><br \/>\nNos termos do RGPD e da legisla\u00e7\u00e3o portuguesa, o titular dos dados tem os seguintes direitos:<br \/>\n \u2022 <strong>Direito de Acesso:<\/strong> Solicitar uma c\u00f3pia dos seus dados pessoais.<br \/>\n \u2022 <strong>Direito de Retifica\u00e7\u00e3o:<\/strong> Pedir a corre\u00e7\u00e3o de dados imprecisos ou incompletos.<br \/>\n \u2022 <strong>Direito ao Apagamento:<\/strong> Solicitar o apagamento dos seus dados pessoais, quando aplic\u00e1vel.<br \/>\n \u2022 <strong>Direito \u00e0 Limita\u00e7\u00e3o do Tratamento:<\/strong> Solicitar a limita\u00e7\u00e3o do tratamento dos seus dados.<br \/>\n \u2022 <strong>Direito \u00e0 Portabilidade dos Dados:<\/strong> Receber os dados pessoais que nos forneceu num formato estruturado, de uso corrente e de leitura autom\u00e1tica, ou solicitar que os transmitamos a outra entidade.<br \/>\n \u2022 <strong>Direito de Oposi\u00e7\u00e3o:<\/strong> Opor-se ao tratamento dos seus dados pessoais em determinadas circunst\u00e2ncias.<br \/>\n \u2022 <strong>Direito de Retirar o Consentimento:<\/strong> Quando o tratamento dos dados for baseado no seu consentimento, tem o direito de o retirar a qualquer momento.<\/p>\n<p>Para exercer qualquer destes direitos, pode contactar-nos atrav\u00e9s de <strong>info@magicislands.pt<\/strong> ou enviar uma carta, preferencialmente registada para a morada da nossa sede <strong>Rua Dr. Joao Abel Freitas, n.\u00ba 22 PI 3 BA, freguesia e concelho de Machico, endere\u00e7ada \u00e0 Magic Islands, Rent-a-Car.<\/strong><\/p>\n<p><strong>8. Seguran\u00e7a dos Dados<\/strong><br \/>\nUtilizamos medidas t\u00e9cnicas e organizativas adequadas para proteger os dados pessoais contra acessos n\u00e3o autorizados, perda acidental, destrui\u00e7\u00e3o, ou divulga\u00e7\u00e3o n\u00e3o autorizada. Estas medidas incluem o uso de firewalls, encripta\u00e7\u00e3o de dados, e controlo rigoroso de acessos aos sistemas inform\u00e1ticos.<\/p>\n<p><strong>9. Transfer\u00eancia Internacional de Dados<\/strong><br \/>\nN\u00e3o transferimos os seus dados pessoais para fora do Espa\u00e7o Econ\u00f3mico Europeu (EEE). No entanto, se tal transfer\u00eancia for necess\u00e1ria, garantiremos que as salvaguardas adequadas est\u00e3o implementadas, de acordo com o RGPD.<\/p>\n<p><strong>10. Altera\u00e7\u00f5es a esta Pol\u00edtica de Privacidade<\/strong><br \/>\nReservamo-nos o direito de alterar esta Pol\u00edtica de Privacidade a qualquer momento. Quaisquer altera\u00e7\u00f5es ser\u00e3o publicadas no nosso website e, quando apropriado, comunicaremos diretamente consigo.<\/p>\n<p><strong>11. Contactos<\/strong><br \/>\nSe tiver alguma quest\u00e3o ou preocupa\u00e7\u00e3o sobre a nossa pol\u00edtica de privacidade, ou sobre como tratamos os seus dados pessoais, pode contactar-nos atrav\u00e9s de:<\/p>\n<p> \u2022 <strong>Email:<\/strong> info@magicislands.pt<br \/>\n \u2022 <strong>Morada:<\/strong> Rua Dr. Joao Abel Freitas, n.\u00ba 22 PI 3 BA, freguesia e concelho de Machico<\/p>\n<p>Tamb\u00e9m tem o direito de apresentar uma reclama\u00e7\u00e3o \u00e0 <strong>Comiss\u00e3o Nacional de Prote\u00e7\u00e3o de Dados (CNPD)<\/strong>, se entender que os seus direitos foram violados.<\/p>\n<\/div>\n","protected":false},"excerpt":{"rendered":"<p>POL\u00cdTICA DE PRIVACIDADE MAGIC ISLANDS RENT-A-CAR, UNIP., LDA. A presente Pol\u00edtica de Privacidade destina-se a informar como a Magic Islands Rent-a-Car, Unip. Lda. recolhe, utiliza, divulga, e protege os dados pessoais dos seus clientes e utilizadores dos nossos servi\u00e7os de aluguer de autom\u00f3veis. Esta pol\u00edtica \u00e9 elaborada em conformidade com o Regulamento Geral sobre a [&hellip;]<\/p>\n","protected":false},"author":1,"featured_media":0,"parent":0,"menu_order":0,"comment_status":"closed","ping_status":"closed","template":"","meta":{"_acf_changed":false,"footnotes":""},"class_list":["post-181","page","type-page","status-publish","hentry"],"acf":[],"yoast_head":"<!-- This site is optimized with the Yoast SEO plugin v25.1 - https:\/\/yoast.com\/wordpress\/plugins\/seo\/ -->\n<title>RGPD - Pol\u00edtica de Privacidade - Magic Islands<\/title>\n<meta name=\"robots\" content=\"index, follow, max-snippet:-1, max-image-preview:large, max-video-preview:-1\" \/>\n<link rel=\"canonical\" href=\"https:\/\/magicislands.pt\/pt\/rgpd-politica-de-privacidade\/\" \/>\n<meta property=\"og:locale\" content=\"pt_PT\" \/>\n<meta property=\"og:type\" content=\"article\" \/>\n<meta property=\"og:title\" content=\"RGPD - Pol\u00edtica de Privacidade - Magic Islands\" \/>\n<meta property=\"og:description\" content=\"POL\u00cdTICA DE PRIVACIDADE MAGIC ISLANDS RENT-A-CAR, UNIP., LDA. A presente Pol\u00edtica de Privacidade destina-se a informar como a Magic Islands Rent-a-Car, Unip. Lda. recolhe, utiliza, divulga, e protege os dados pessoais dos seus clientes e utilizadores dos nossos servi\u00e7os de aluguer de autom\u00f3veis. Esta pol\u00edtica \u00e9 elaborada em conformidade com o Regulamento Geral sobre a [&hellip;]\" \/>\n<meta property=\"og:url\" content=\"https:\/\/magicislands.pt\/pt\/rgpd-politica-de-privacidade\/\" \/>\n<meta property=\"og:site_name\" content=\"Magic Islands\" \/>\n<meta property=\"article:modified_time\" content=\"2024-11-05T11:23:15+00:00\" \/>\n<meta name=\"twitter:card\" content=\"summary_large_image\" \/>\n<meta name=\"twitter:label1\" content=\"Tempo estimado de leitura\" \/>\n\t<meta name=\"twitter:data1\" content=\"6 minutos\" \/>\n<script type=\"application\/ld+json\" class=\"yoast-schema-graph\">{\"@context\":\"https:\/\/schema.org\",\"@graph\":[{\"@type\":\"WebPage\",\"@id\":\"https:\/\/magicislands.pt\/pt\/rgpd-politica-de-privacidade\/\",\"url\":\"https:\/\/magicislands.pt\/pt\/rgpd-politica-de-privacidade\/\",\"name\":\"RGPD - Pol\u00edtica de Privacidade - Magic Islands\",\"isPartOf\":{\"@id\":\"https:\/\/magicislands.pt\/pt\/#website\"},\"datePublished\":\"2023-07-06T00:02:54+00:00\",\"dateModified\":\"2024-11-05T11:23:15+00:00\",\"inLanguage\":\"pt-PT\",\"potentialAction\":[{\"@type\":\"ReadAction\",\"target\":[\"https:\/\/magicislands.pt\/pt\/rgpd-politica-de-privacidade\/\"]}]},{\"@type\":\"WebSite\",\"@id\":\"https:\/\/magicislands.pt\/pt\/#website\",\"url\":\"https:\/\/magicislands.pt\/pt\/\",\"name\":\"Magic Islands\",\"description\":\"Rent a Car A\u00e7ores e Madeira\",\"potentialAction\":[{\"@type\":\"SearchAction\",\"target\":{\"@type\":\"EntryPoint\",\"urlTemplate\":\"https:\/\/magicislands.pt\/pt\/?s={search_term_string}\"},\"query-input\":{\"@type\":\"PropertyValueSpecification\",\"valueRequired\":true,\"valueName\":\"search_term_string\"}}],\"inLanguage\":\"pt-PT\"}]}<\/script>\n<!-- \/ Yoast SEO plugin. -->","yoast_head_json":{"title":"RGPD - Pol\u00edtica de Privacidade - Magic Islands","robots":{"index":"index","follow":"follow","max-snippet":"max-snippet:-1","max-image-preview":"max-image-preview:large","max-video-preview":"max-video-preview:-1"},"canonical":"https:\/\/magicislands.pt\/pt\/rgpd-politica-de-privacidade\/","og_locale":"pt_PT","og_type":"article","og_title":"RGPD - Pol\u00edtica de Privacidade - Magic Islands","og_description":"POL\u00cdTICA DE PRIVACIDADE MAGIC ISLANDS RENT-A-CAR, UNIP., LDA. A presente Pol\u00edtica de Privacidade destina-se a informar como a Magic Islands Rent-a-Car, Unip. Lda. recolhe, utiliza, divulga, e protege os dados pessoais dos seus clientes e utilizadores dos nossos servi\u00e7os de aluguer de autom\u00f3veis. Esta pol\u00edtica \u00e9 elaborada em conformidade com o Regulamento Geral sobre a [&hellip;]","og_url":"https:\/\/magicislands.pt\/pt\/rgpd-politica-de-privacidade\/","og_site_name":"Magic Islands","article_modified_time":"2024-11-05T11:23:15+00:00","twitter_card":"summary_large_image","twitter_misc":{"Tempo estimado de leitura":"6 minutos"},"schema":{"@context":"https:\/\/schema.org","@graph":[{"@type":"WebPage","@id":"https:\/\/magicislands.pt\/pt\/rgpd-politica-de-privacidade\/","url":"https:\/\/magicislands.pt\/pt\/rgpd-politica-de-privacidade\/","name":"RGPD - Pol\u00edtica de Privacidade - Magic Islands","isPartOf":{"@id":"https:\/\/magicislands.pt\/pt\/#website"},"datePublished":"2023-07-06T00:02:54+00:00","dateModified":"2024-11-05T11:23:15+00:00","inLanguage":"pt-PT","potentialAction":[{"@type":"ReadAction","target":["https:\/\/magicislands.pt\/pt\/rgpd-politica-de-privacidade\/"]}]},{"@type":"WebSite","@id":"https:\/\/magicislands.pt\/pt\/#website","url":"https:\/\/magicislands.pt\/pt\/","name":"Magic Islands","description":"Rent a Car A\u00e7ores e Madeira","potentialAction":[{"@type":"SearchAction","target":{"@type":"EntryPoint","urlTemplate":"https:\/\/magicislands.pt\/pt\/?s={search_term_string}"},"query-input":{"@type":"PropertyValueSpecification","valueRequired":true,"valueName":"search_term_string"}}],"inLanguage":"pt-PT"}]}},"_links":{"self":[{"href":"https:\/\/magicislands.pt\/pt\/wp-json\/wp\/v2\/pages\/181","targetHints":{"allow":["GET"]}}],"collection":[{"href":"https:\/\/magicislands.pt\/pt\/wp-json\/wp\/v2\/pages"}],"about":[{"href":"https:\/\/magicislands.pt\/pt\/wp-json\/wp\/v2\/types\/page"}],"author":[{"embeddable":true,"href":"https:\/\/magicislands.pt\/pt\/wp-json\/wp\/v2\/users\/1"}],"replies":[{"embeddable":true,"href":"https:\/\/magicislands.pt\/pt\/wp-json\/wp\/v2\/comments?post=181"}],"version-history":[{"count":3,"href":"https:\/\/magicislands.pt\/pt\/wp-json\/wp\/v2\/pages\/181\/revisions"}],"predecessor-version":[{"id":512,"href":"https:\/\/magicislands.pt\/pt\/wp-json\/wp\/v2\/pages\/181\/revisions\/512"}],"wp:attachment":[{"href":"https:\/\/magicislands.pt\/pt\/wp-json\/wp\/v2\/media?parent=181"}],"curies":[{"name":"wp","href":"https:\/\/api.w.org\/{rel}","templated":true}]}}