{"id":183,"date":"2023-07-06T00:02:06","date_gmt":"2023-07-06T00:02:06","guid":{"rendered":"https:\/\/magicislands.pt\/rent-a-car-madeira\/"},"modified":"2023-07-06T00:02:06","modified_gmt":"2023-07-06T00:02:06","slug":"rent-a-car-madeira","status":"publish","type":"page","link":"https:\/\/magicislands.pt\/pt\/rent-a-car-madeira\/","title":{"rendered":"Rent-a-Car Madeira"},"content":{"rendered":"<p>Procura uma <strong>Rent a Car na Ilha da Madeira ou Funchal <\/strong> &#8211; Arquip\u00e9lago da Madeira? Est\u00e1 na p\u00e1gina ideal para encontrar e alugar uma viatura e desfrutar da sua estadia na <a href=\"https:\/\/pt.wikipedia.org\/wiki\/Ilha_de_S%C3%A3o_Miguel\" target=\"_blank\" rel=\"noopener\">maior ilha da Madeira<\/a>, conhecida tamb\u00e9m por p\u00e9rola do atlantico.<\/p>\n<p>Para descobrir e explorar a Ilha da Madeira \u00e9 recomendado que alugue uma viatura, por forma a explorar todos os pontos de interesse e de visita obrigat\u00f3ria nas suas f\u00e9rias. Planear a sua viagem e estadia s\u00e3o dois factores muito importantes.<\/p>\n<p>Se j\u00e1 tem a sua viagem marcada, estamos dispon\u00edveis para o ajudar a escolher a viatura que o ir\u00e1 acompanhar na sua desloca\u00e7\u00e3o e estadia. Seja bem vindo \u00e0 Magic Islands Rent a Car.<\/p>\n<p><strong>Rent a Car Madeira &#8211; Desfrute da natureza da Ilha da Madeira com a Magic Islands<\/strong><\/p>\n<p><img decoding=\"async\" src=\"https:\/\/magicislands.pt\/wp-content\/uploads\/2022\/02\/madeira_fundo_Prancheta-1.png\" class=\"img-fluid\" \/><\/p>\n<h2>Alugar carro em Madeira (Rent a Car Madeira)<\/h2>\n<p>Dada a nossa localiza\u00e7\u00e3o, na Madeira, em pleno centro da cidade temos toda a log\u00edstica e conhecimento para oferecer-lhe um servi\u00e7o de excel\u00eancia a pre\u00e7os reduzidos, sendo que dispomos de <a href=\"\/?page_id=2416\">viaturas<\/a> para aluguer a partir de 15\u20ac\/dia e diversos grupos de categorias de viaturas.<\/p>\n<h3>Aeroporto<\/h3>\n<p>Na <a href=\"https:\/\/magicislands.pt\/\">Magic Islands<\/a> queremos que tenha uma experi\u00eancia positiva desde a sua chegada ao Aeroporto Cristiano Ronaldo at\u00e9 \u00e0 sua partida, por esse motivo &#8211; ao alugar uma viatura connosco &#8211; ter\u00e1 um colaborador devidamente identificado \u00e0 sua espera nas Chegadas.<\/p>\n<p>Colaborador esse que o ir\u00e1 acompanhar at\u00e9 \u00e0 sua viatura, sendo a entrega efetuada no parque de estacionamento para maior conforto e comodismo. N\u00e3o hesite em colocar-nos qualquer quest\u00e3o que tenha, estamos dispon\u00edveis para o ajudar.<\/p>\n<h3>Centro da Cidade<\/h3>\n<p>Se j\u00e1 est\u00e1 na Ilha da Madeira e n\u00e3o alugou uma viatura, n\u00e3o se preocupe, estamos igualmente dispon\u00edveis para o ajudar. Poder\u00e1 contactar-nos a qualquer hora do dia &#8211; trabalhamos 24 horas por dia para o melhor satisfazer &#8211; e alugar uma viatura a qualquer altura.<\/p>\n<p>H\u00e1 casos de v\u00e1rios clientes que n\u00e3o pretendem alugar uma viatura durante todos os dias da sua estadia. Caso esteja na Cidade do funchal e queira desfrutar de alguns dias a explorar a mesma, sem carro, poder\u00e1 mais tarde alugar uma viatura para deslocar-se para as restantes localidades da ilha.<\/p>\n<h2>Alugar viatura e alojamento com a Magic Islands<\/h2>\n<p>Por forma a prestar-lhe um melhor servi\u00e7o, dispomos igualmente de alojamentos locais onde poder\u00e1 adquirir um pack de alojamento com viatura, para al\u00e9m do pre\u00e7o mais reduzido, fica com uma solu\u00e7\u00e3o 2 em 1. Queremos dar-lhe o melhor servi\u00e7o nas suas f\u00e9rias, sem preocupa\u00e7\u00f5es. Compre uma viagem e deixe o resto connosco.<\/p>\n<p>Os nossos alojamentos dispon\u00edveis &#8211; de momento &#8211; est\u00e3o localizados no Concelho de santa cruz<\/p>\n","protected":false},"excerpt":{"rendered":"<p>Procura uma Rent a Car na Ilha da Madeira ou Funchal &#8211; Arquip\u00e9lago da Madeira? Est\u00e1 na p\u00e1gina ideal para encontrar e alugar uma viatura e desfrutar da sua estadia na maior ilha da Madeira, conhecida tamb\u00e9m por p\u00e9rola do atlantico. Para descobrir e explorar a Ilha da Madeira \u00e9 recomendado que alugue uma viatura, [&hellip;]<\/p>\n","protected":false},"author":1,"featured_media":0,"parent":0,"menu_order":0,"comment_status":"closed","ping_status":"closed","template":"","meta":{"_acf_changed":false,"footnotes":""},"class_list":["post-183","page","type-page","status-publish","hentry"],"acf":[],"yoast_head":"<!-- This site is optimized with the Yoast SEO plugin v25.1 - https:\/\/yoast.com\/wordpress\/plugins\/seo\/ -->\n<title>Rent-a-Car Madeira - Magic Islands<\/title>\n<meta name=\"robots\" content=\"index, follow, max-snippet:-1, max-image-preview:large, max-video-preview:-1\" \/>\n<link rel=\"canonical\" href=\"https:\/\/magicislands.pt\/pt\/rent-a-car-madeira\/\" \/>\n<meta property=\"og:locale\" content=\"pt_PT\" \/>\n<meta property=\"og:type\" content=\"article\" \/>\n<meta property=\"og:title\" content=\"Rent-a-Car Madeira - Magic Islands\" \/>\n<meta property=\"og:description\" content=\"Procura uma Rent a Car na Ilha da Madeira ou Funchal &#8211; Arquip\u00e9lago da Madeira? Est\u00e1 na p\u00e1gina ideal para encontrar e alugar uma viatura e desfrutar da sua estadia na maior ilha da Madeira, conhecida tamb\u00e9m por p\u00e9rola do atlantico. Para descobrir e explorar a Ilha da Madeira \u00e9 recomendado que alugue uma viatura, [&hellip;]\" \/>\n<meta property=\"og:url\" content=\"https:\/\/magicislands.pt\/pt\/rent-a-car-madeira\/\" \/>\n<meta property=\"og:site_name\" content=\"Magic Islands\" \/>\n<meta property=\"og:image\" content=\"https:\/\/magicislands.pt\/wp-content\/uploads\/2022\/02\/madeira_fundo_Prancheta-1.png\" \/>\n<meta name=\"twitter:card\" content=\"summary_large_image\" \/>\n<meta name=\"twitter:label1\" content=\"Tempo estimado de leitura\" \/>\n\t<meta name=\"twitter:data1\" content=\"3 minutos\" \/>\n<script type=\"application\/ld+json\" class=\"yoast-schema-graph\">{\"@context\":\"https:\/\/schema.org\",\"@graph\":[{\"@type\":\"WebPage\",\"@id\":\"https:\/\/magicislands.pt\/pt\/rent-a-car-madeira\/\",\"url\":\"https:\/\/magicislands.pt\/pt\/rent-a-car-madeira\/\",\"name\":\"Rent-a-Car Madeira - Magic Islands\",\"isPartOf\":{\"@id\":\"https:\/\/magicislands.pt\/pt\/#website\"},\"primaryImageOfPage\":{\"@id\":\"https:\/\/magicislands.pt\/pt\/rent-a-car-madeira\/#primaryimage\"},\"image\":{\"@id\":\"https:\/\/magicislands.pt\/pt\/rent-a-car-madeira\/#primaryimage\"},\"thumbnailUrl\":\"https:\/\/magicislands.pt\/wp-content\/uploads\/2022\/02\/madeira_fundo_Prancheta-1.png\",\"datePublished\":\"2023-07-06T00:02:06+00:00\",\"inLanguage\":\"pt-PT\",\"potentialAction\":[{\"@type\":\"ReadAction\",\"target\":[\"https:\/\/magicislands.pt\/pt\/rent-a-car-madeira\/\"]}]},{\"@type\":\"ImageObject\",\"inLanguage\":\"pt-PT\",\"@id\":\"https:\/\/magicislands.pt\/pt\/rent-a-car-madeira\/#primaryimage\",\"url\":\"https:\/\/magicislands.pt\/wp-content\/uploads\/2022\/02\/madeira_fundo_Prancheta-1.png\",\"contentUrl\":\"https:\/\/magicislands.pt\/wp-content\/uploads\/2022\/02\/madeira_fundo_Prancheta-1.png\"},{\"@type\":\"WebSite\",\"@id\":\"https:\/\/magicislands.pt\/pt\/#website\",\"url\":\"https:\/\/magicislands.pt\/pt\/\",\"name\":\"Magic Islands\",\"description\":\"Rent a Car A\u00e7ores e Madeira\",\"potentialAction\":[{\"@type\":\"SearchAction\",\"target\":{\"@type\":\"EntryPoint\",\"urlTemplate\":\"https:\/\/magicislands.pt\/pt\/?s={search_term_string}\"},\"query-input\":{\"@type\":\"PropertyValueSpecification\",\"valueRequired\":true,\"valueName\":\"search_term_string\"}}],\"inLanguage\":\"pt-PT\"}]}<\/script>\n<!-- \/ Yoast SEO plugin. -->","yoast_head_json":{"title":"Rent-a-Car Madeira - Magic Islands","robots":{"index":"index","follow":"follow","max-snippet":"max-snippet:-1","max-image-preview":"max-image-preview:large","max-video-preview":"max-video-preview:-1"},"canonical":"https:\/\/magicislands.pt\/pt\/rent-a-car-madeira\/","og_locale":"pt_PT","og_type":"article","og_title":"Rent-a-Car Madeira - Magic Islands","og_description":"Procura uma Rent a Car na Ilha da Madeira ou Funchal &#8211; Arquip\u00e9lago da Madeira? Est\u00e1 na p\u00e1gina ideal para encontrar e alugar uma viatura e desfrutar da sua estadia na maior ilha da Madeira, conhecida tamb\u00e9m por p\u00e9rola do atlantico. Para descobrir e explorar a Ilha da Madeira \u00e9 recomendado que alugue uma viatura, [&hellip;]","og_url":"https:\/\/magicislands.pt\/pt\/rent-a-car-madeira\/","og_site_name":"Magic Islands","og_image":[{"url":"https:\/\/magicislands.pt\/wp-content\/uploads\/2022\/02\/madeira_fundo_Prancheta-1.png","type":"","width":"","height":""}],"twitter_card":"summary_large_image","twitter_misc":{"Tempo estimado de leitura":"3 minutos"},"schema":{"@context":"https:\/\/schema.org","@graph":[{"@type":"WebPage","@id":"https:\/\/magicislands.pt\/pt\/rent-a-car-madeira\/","url":"https:\/\/magicislands.pt\/pt\/rent-a-car-madeira\/","name":"Rent-a-Car Madeira - Magic Islands","isPartOf":{"@id":"https:\/\/magicislands.pt\/pt\/#website"},"primaryImageOfPage":{"@id":"https:\/\/magicislands.pt\/pt\/rent-a-car-madeira\/#primaryimage"},"image":{"@id":"https:\/\/magicislands.pt\/pt\/rent-a-car-madeira\/#primaryimage"},"thumbnailUrl":"https:\/\/magicislands.pt\/wp-content\/uploads\/2022\/02\/madeira_fundo_Prancheta-1.png","datePublished":"2023-07-06T00:02:06+00:00","inLanguage":"pt-PT","potentialAction":[{"@type":"ReadAction","target":["https:\/\/magicislands.pt\/pt\/rent-a-car-madeira\/"]}]},{"@type":"ImageObject","inLanguage":"pt-PT","@id":"https:\/\/magicislands.pt\/pt\/rent-a-car-madeira\/#primaryimage","url":"https:\/\/magicislands.pt\/wp-content\/uploads\/2022\/02\/madeira_fundo_Prancheta-1.png","contentUrl":"https:\/\/magicislands.pt\/wp-content\/uploads\/2022\/02\/madeira_fundo_Prancheta-1.png"},{"@type":"WebSite","@id":"https:\/\/magicislands.pt\/pt\/#website","url":"https:\/\/magicislands.pt\/pt\/","name":"Magic Islands","description":"Rent a Car A\u00e7ores e Madeira","potentialAction":[{"@type":"SearchAction","target":{"@type":"EntryPoint","urlTemplate":"https:\/\/magicislands.pt\/pt\/?s={search_term_string}"},"query-input":{"@type":"PropertyValueSpecification","valueRequired":true,"valueName":"search_term_string"}}],"inLanguage":"pt-PT"}]}},"_links":{"self":[{"href":"https:\/\/magicislands.pt\/pt\/wp-json\/wp\/v2\/pages\/183","targetHints":{"allow":["GET"]}}],"collection":[{"href":"https:\/\/magicislands.pt\/pt\/wp-json\/wp\/v2\/pages"}],"about":[{"href":"https:\/\/magicislands.pt\/pt\/wp-json\/wp\/v2\/types\/page"}],"author":[{"embeddable":true,"href":"https:\/\/magicislands.pt\/pt\/wp-json\/wp\/v2\/users\/1"}],"replies":[{"embeddable":true,"href":"https:\/\/magicislands.pt\/pt\/wp-json\/wp\/v2\/comments?post=183"}],"version-history":[{"count":0,"href":"https:\/\/magicislands.pt\/pt\/wp-json\/wp\/v2\/pages\/183\/revisions"}],"wp:attachment":[{"href":"https:\/\/magicislands.pt\/pt\/wp-json\/wp\/v2\/media?parent=183"}],"curies":[{"name":"wp","href":"https:\/\/api.w.org\/{rel}","templated":true}]}}