{"id":184,"date":"2023-07-06T00:01:32","date_gmt":"2023-07-06T00:01:32","guid":{"rendered":"https:\/\/magicislands.pt\/quem-somos\/"},"modified":"2023-07-06T00:01:32","modified_gmt":"2023-07-06T00:01:32","slug":"quem-somos","status":"publish","type":"page","link":"https:\/\/magicislands.pt\/pt\/quem-somos\/","title":{"rendered":"Quem Somos"},"content":{"rendered":"<p><img loading=\"lazy\" decoding=\"async\" class=\"size-full wp-image-43 aligncenter\" src=\"https:\/\/magicislands.pt\/wp-content\/uploads\/2023\/07\/355198107_581211514093292_3392993929319800314_n.png\" alt=\"\" width=\"1000\" height=\"444\" \/><\/p>\n<p>A Magic Islands Rent a Car iniciou atividade nos A\u00e7ores em 2017 com a abertura da sede na cidade de Ponta Delgada e posteriormente uma loja complementar na cidade de Ribeira Grande. Em 2018 iniciamos atividade na Ilha das Flores e em 2021, derivado \u00e0 procura dos nossos clientes sentimos a necessidade de explorar a Ilha da Madeira centralizando o nosso servi\u00e7o no Aeroporto do Cristiano Ronaldo, Funchal.<\/p>\n<p>Actualmente dispomos de uma vasta gama de viaturas novas e diversas solu\u00e7\u00f5es de alojamento em Ponta Delgada, Ribeira Grande e Nordeste.<\/p>\n<p><b>A nossa miss\u00e3o \u00e9 a satisfa\u00e7\u00e3o dos nossos clientes, prestando um servi\u00e7o da mais elevada qualidade e transpar\u00eancia, alugando carros com efici\u00eancia\u00a0e simpatia.<\/b><\/p>\n<p>A nossa equipa disp\u00f5e da autoridade necess\u00e1ria para oferecer ao cliente uma boa experi\u00eancia sempre que recorrer aos nossos servi\u00e7os.<\/p>\n","protected":false},"excerpt":{"rendered":"<p>A Magic Islands Rent a Car iniciou atividade nos A\u00e7ores em 2017 com a abertura da sede na cidade de Ponta Delgada e posteriormente uma loja complementar na cidade de Ribeira Grande. Em 2018 iniciamos atividade na Ilha das Flores e em 2021, derivado \u00e0 procura dos nossos clientes sentimos a necessidade de explorar a [&hellip;]<\/p>\n","protected":false},"author":1,"featured_media":0,"parent":0,"menu_order":0,"comment_status":"closed","ping_status":"closed","template":"","meta":{"_acf_changed":false,"footnotes":""},"class_list":["post-184","page","type-page","status-publish","hentry"],"acf":[],"yoast_head":"<!-- This site is optimized with the Yoast SEO plugin v25.1 - https:\/\/yoast.com\/wordpress\/plugins\/seo\/ -->\n<title>Quem Somos - Magic Islands<\/title>\n<meta name=\"robots\" content=\"index, follow, max-snippet:-1, max-image-preview:large, max-video-preview:-1\" \/>\n<link rel=\"canonical\" href=\"https:\/\/magicislands.pt\/pt\/quem-somos\/\" \/>\n<meta property=\"og:locale\" content=\"pt_PT\" \/>\n<meta property=\"og:type\" content=\"article\" \/>\n<meta property=\"og:title\" content=\"Quem Somos - Magic Islands\" \/>\n<meta property=\"og:description\" content=\"A Magic Islands Rent a Car iniciou atividade nos A\u00e7ores em 2017 com a abertura da sede na cidade de Ponta Delgada e posteriormente uma loja complementar na cidade de Ribeira Grande. Em 2018 iniciamos atividade na Ilha das Flores e em 2021, derivado \u00e0 procura dos nossos clientes sentimos a necessidade de explorar a [&hellip;]\" \/>\n<meta property=\"og:url\" content=\"https:\/\/magicislands.pt\/pt\/quem-somos\/\" \/>\n<meta property=\"og:site_name\" content=\"Magic Islands\" \/>\n<meta property=\"og:image\" content=\"https:\/\/magicislands.pt\/wp-content\/uploads\/2023\/07\/355198107_581211514093292_3392993929319800314_n.png\" \/>\n<meta name=\"twitter:card\" content=\"summary_large_image\" \/>\n<meta name=\"twitter:label1\" content=\"Tempo estimado de leitura\" \/>\n\t<meta name=\"twitter:data1\" content=\"1 minuto\" \/>\n<script type=\"application\/ld+json\" class=\"yoast-schema-graph\">{\"@context\":\"https:\/\/schema.org\",\"@graph\":[{\"@type\":\"WebPage\",\"@id\":\"https:\/\/magicislands.pt\/pt\/quem-somos\/\",\"url\":\"https:\/\/magicislands.pt\/pt\/quem-somos\/\",\"name\":\"Quem Somos - Magic Islands\",\"isPartOf\":{\"@id\":\"https:\/\/magicislands.pt\/pt\/#website\"},\"primaryImageOfPage\":{\"@id\":\"https:\/\/magicislands.pt\/pt\/quem-somos\/#primaryimage\"},\"image\":{\"@id\":\"https:\/\/magicislands.pt\/pt\/quem-somos\/#primaryimage\"},\"thumbnailUrl\":\"https:\/\/magicislands.pt\/wp-content\/uploads\/2023\/07\/355198107_581211514093292_3392993929319800314_n.png\",\"datePublished\":\"2023-07-06T00:01:32+00:00\",\"inLanguage\":\"pt-PT\",\"potentialAction\":[{\"@type\":\"ReadAction\",\"target\":[\"https:\/\/magicislands.pt\/pt\/quem-somos\/\"]}]},{\"@type\":\"ImageObject\",\"inLanguage\":\"pt-PT\",\"@id\":\"https:\/\/magicislands.pt\/pt\/quem-somos\/#primaryimage\",\"url\":\"https:\/\/magicislands.pt\/wp-content\/uploads\/2023\/07\/355198107_581211514093292_3392993929319800314_n.png\",\"contentUrl\":\"https:\/\/magicislands.pt\/wp-content\/uploads\/2023\/07\/355198107_581211514093292_3392993929319800314_n.png\"},{\"@type\":\"WebSite\",\"@id\":\"https:\/\/magicislands.pt\/pt\/#website\",\"url\":\"https:\/\/magicislands.pt\/pt\/\",\"name\":\"Magic Islands\",\"description\":\"Rent a Car A\u00e7ores e Madeira\",\"potentialAction\":[{\"@type\":\"SearchAction\",\"target\":{\"@type\":\"EntryPoint\",\"urlTemplate\":\"https:\/\/magicislands.pt\/pt\/?s={search_term_string}\"},\"query-input\":{\"@type\":\"PropertyValueSpecification\",\"valueRequired\":true,\"valueName\":\"search_term_string\"}}],\"inLanguage\":\"pt-PT\"}]}<\/script>\n<!-- \/ Yoast SEO plugin. -->","yoast_head_json":{"title":"Quem Somos - Magic Islands","robots":{"index":"index","follow":"follow","max-snippet":"max-snippet:-1","max-image-preview":"max-image-preview:large","max-video-preview":"max-video-preview:-1"},"canonical":"https:\/\/magicislands.pt\/pt\/quem-somos\/","og_locale":"pt_PT","og_type":"article","og_title":"Quem Somos - Magic Islands","og_description":"A Magic Islands Rent a Car iniciou atividade nos A\u00e7ores em 2017 com a abertura da sede na cidade de Ponta Delgada e posteriormente uma loja complementar na cidade de Ribeira Grande. Em 2018 iniciamos atividade na Ilha das Flores e em 2021, derivado \u00e0 procura dos nossos clientes sentimos a necessidade de explorar a [&hellip;]","og_url":"https:\/\/magicislands.pt\/pt\/quem-somos\/","og_site_name":"Magic Islands","og_image":[{"url":"https:\/\/magicislands.pt\/wp-content\/uploads\/2023\/07\/355198107_581211514093292_3392993929319800314_n.png","type":"","width":"","height":""}],"twitter_card":"summary_large_image","twitter_misc":{"Tempo estimado de leitura":"1 minuto"},"schema":{"@context":"https:\/\/schema.org","@graph":[{"@type":"WebPage","@id":"https:\/\/magicislands.pt\/pt\/quem-somos\/","url":"https:\/\/magicislands.pt\/pt\/quem-somos\/","name":"Quem Somos - Magic Islands","isPartOf":{"@id":"https:\/\/magicislands.pt\/pt\/#website"},"primaryImageOfPage":{"@id":"https:\/\/magicislands.pt\/pt\/quem-somos\/#primaryimage"},"image":{"@id":"https:\/\/magicislands.pt\/pt\/quem-somos\/#primaryimage"},"thumbnailUrl":"https:\/\/magicislands.pt\/wp-content\/uploads\/2023\/07\/355198107_581211514093292_3392993929319800314_n.png","datePublished":"2023-07-06T00:01:32+00:00","inLanguage":"pt-PT","potentialAction":[{"@type":"ReadAction","target":["https:\/\/magicislands.pt\/pt\/quem-somos\/"]}]},{"@type":"ImageObject","inLanguage":"pt-PT","@id":"https:\/\/magicislands.pt\/pt\/quem-somos\/#primaryimage","url":"https:\/\/magicislands.pt\/wp-content\/uploads\/2023\/07\/355198107_581211514093292_3392993929319800314_n.png","contentUrl":"https:\/\/magicislands.pt\/wp-content\/uploads\/2023\/07\/355198107_581211514093292_3392993929319800314_n.png"},{"@type":"WebSite","@id":"https:\/\/magicislands.pt\/pt\/#website","url":"https:\/\/magicislands.pt\/pt\/","name":"Magic Islands","description":"Rent a Car A\u00e7ores e Madeira","potentialAction":[{"@type":"SearchAction","target":{"@type":"EntryPoint","urlTemplate":"https:\/\/magicislands.pt\/pt\/?s={search_term_string}"},"query-input":{"@type":"PropertyValueSpecification","valueRequired":true,"valueName":"search_term_string"}}],"inLanguage":"pt-PT"}]}},"_links":{"self":[{"href":"https:\/\/magicislands.pt\/pt\/wp-json\/wp\/v2\/pages\/184","targetHints":{"allow":["GET"]}}],"collection":[{"href":"https:\/\/magicislands.pt\/pt\/wp-json\/wp\/v2\/pages"}],"about":[{"href":"https:\/\/magicislands.pt\/pt\/wp-json\/wp\/v2\/types\/page"}],"author":[{"embeddable":true,"href":"https:\/\/magicislands.pt\/pt\/wp-json\/wp\/v2\/users\/1"}],"replies":[{"embeddable":true,"href":"https:\/\/magicislands.pt\/pt\/wp-json\/wp\/v2\/comments?post=184"}],"version-history":[{"count":0,"href":"https:\/\/magicislands.pt\/pt\/wp-json\/wp\/v2\/pages\/184\/revisions"}],"wp:attachment":[{"href":"https:\/\/magicislands.pt\/pt\/wp-json\/wp\/v2\/media?parent=184"}],"curies":[{"name":"wp","href":"https:\/\/api.w.org\/{rel}","templated":true}]}}