{"id":186,"date":"2023-07-06T00:00:59","date_gmt":"2023-07-06T00:00:59","guid":{"rendered":"https:\/\/magicislands.pt\/madeira\/"},"modified":"2023-07-06T00:00:59","modified_gmt":"2023-07-06T00:00:59","slug":"madeira","status":"publish","type":"page","link":"https:\/\/magicislands.pt\/pt\/madeira\/","title":{"rendered":"Madeira"},"content":{"rendered":"<div class=\"kvgmc6g5 cxmmr5t8 oygrvhab hcukyx3x c1et5uql ii04i59q\">\n<p>&nbsp;<\/p>\n<h1 dir=\"auto\" style=\"text-align: center;\">Qual a viatura a selecionar no Funchal?<\/h1>\n<p><img loading=\"lazy\" decoding=\"async\" class=\"aligncenter size-full wp-image-3798\" src=\"https:\/\/magicislands.pt\/wp-content\/uploads\/2022\/02\/categorias_madeira.png\" alt=\"\" width=\"3565\" height=\"2309\" \/><\/p>\n<h1 dir=\"auto\" style=\"text-align: center;\">Escolha a melhor tarifa na ilha da Madeira<\/h1>\n<\/div>\n<p>&nbsp;<\/p>\n<div class=\"kvgmc6g5 cxmmr5t8 oygrvhab hcukyx3x c1et5uql ii04i59q\">\n<p><img loading=\"lazy\" decoding=\"async\" class=\"aligncenter size-full wp-image-3829\" src=\"https:\/\/magicislands.pt\/wp-content\/uploads\/2022\/03\/tarifas_magic-01.png\" alt=\"\" width=\"3565\" height=\"1073\" \/><\/p>\n<h1 dir=\"auto\" style=\"text-align: center;\">J\u00e1 conhece o Aeroporto do Funchal na Madeira?<\/h1>\n<p><img loading=\"lazy\" decoding=\"async\" class=\"aligncenter size-full wp-image-3808\" src=\"https:\/\/magicislands.pt\/wp-content\/uploads\/2022\/02\/post_polo_madeira2_Prancheta-1.png\" alt=\"\" width=\"3565\" height=\"1139\" \/><\/p>\n<div class=\"kvgmc6g5 cxmmr5t8 oygrvhab hcukyx3x c1et5uql ii04i59q\">\n<h1 dir=\"auto\" style=\"text-align: center;\">Sabia que?<\/h1>\n<\/div>\n<p>Derivado \u00e0 elevada procura por parte dos nossos clientes, sentimos a necessidade de explorar esta regi\u00e3o com um dos melhores climas ao longo do ano todo. O Aeroporto Funchal \u00e9 um &#8220;seja bem-vindo&#8221; a todos os que n\u00e3o conhecem a Madeira e deixa saudades aqueles que est\u00e3o de partida. Assim sendo, centralizamos o nosso servi\u00e7o no aeroporto, como j\u00e1 muito conhecem Aeroporto Cristiano Ronaldo.<\/p>\n<p>Estamos dispon\u00edveis para quaisquer d\u00favidas que tenha \u00e0 sua chegada, contate-nos (+351) 912 261 378 .<\/p>\n<p>Escolha a nossa Tarifa Plus, com um seguro de danos pr\u00f3prios e sem necessidade de cart\u00e3o de cr\u00e9dito tenha umas f\u00e9rias sem complica\u00e7\u00f5es. Conte ainda com limpeza inclu\u00edda, assist\u00eancia 24horas e condutor adicional gratuito.<\/p>\n<\/div>\n","protected":false},"excerpt":{"rendered":"<p>&nbsp; Qual a viatura a selecionar no Funchal? Escolha a melhor tarifa na ilha da Madeira &nbsp; J\u00e1 conhece o Aeroporto do Funchal na Madeira? Sabia que? Derivado \u00e0 elevada procura por parte dos nossos clientes, sentimos a necessidade de explorar esta regi\u00e3o com um dos melhores climas ao longo do ano todo. O Aeroporto [&hellip;]<\/p>\n","protected":false},"author":1,"featured_media":0,"parent":0,"menu_order":0,"comment_status":"closed","ping_status":"closed","template":"","meta":{"_acf_changed":false,"footnotes":""},"class_list":["post-186","page","type-page","status-publish","hentry"],"acf":[],"yoast_head":"<!-- This site is optimized with the Yoast SEO plugin v25.1 - https:\/\/yoast.com\/wordpress\/plugins\/seo\/ -->\n<title>Madeira - Magic Islands<\/title>\n<meta name=\"robots\" content=\"index, follow, max-snippet:-1, max-image-preview:large, max-video-preview:-1\" \/>\n<link rel=\"canonical\" href=\"https:\/\/magicislands.pt\/pt\/madeira\/\" \/>\n<meta property=\"og:locale\" content=\"pt_PT\" \/>\n<meta property=\"og:type\" content=\"article\" \/>\n<meta property=\"og:title\" content=\"Madeira - Magic Islands\" \/>\n<meta property=\"og:description\" content=\"&nbsp; Qual a viatura a selecionar no Funchal? Escolha a melhor tarifa na ilha da Madeira &nbsp; J\u00e1 conhece o Aeroporto do Funchal na Madeira? Sabia que? Derivado \u00e0 elevada procura por parte dos nossos clientes, sentimos a necessidade de explorar esta regi\u00e3o com um dos melhores climas ao longo do ano todo. O Aeroporto [&hellip;]\" \/>\n<meta property=\"og:url\" content=\"https:\/\/magicislands.pt\/pt\/madeira\/\" \/>\n<meta property=\"og:site_name\" content=\"Magic Islands\" \/>\n<meta property=\"og:image\" content=\"https:\/\/magicislands.pt\/wp-content\/uploads\/2022\/02\/categorias_madeira.png\" \/>\n<meta name=\"twitter:card\" content=\"summary_large_image\" \/>\n<script type=\"application\/ld+json\" class=\"yoast-schema-graph\">{\"@context\":\"https:\/\/schema.org\",\"@graph\":[{\"@type\":\"WebPage\",\"@id\":\"https:\/\/magicislands.pt\/pt\/madeira\/\",\"url\":\"https:\/\/magicislands.pt\/pt\/madeira\/\",\"name\":\"Madeira - Magic Islands\",\"isPartOf\":{\"@id\":\"https:\/\/magicislands.pt\/pt\/#website\"},\"primaryImageOfPage\":{\"@id\":\"https:\/\/magicislands.pt\/pt\/madeira\/#primaryimage\"},\"image\":{\"@id\":\"https:\/\/magicislands.pt\/pt\/madeira\/#primaryimage\"},\"thumbnailUrl\":\"https:\/\/magicislands.pt\/wp-content\/uploads\/2022\/02\/categorias_madeira.png\",\"datePublished\":\"2023-07-06T00:00:59+00:00\",\"inLanguage\":\"pt-PT\",\"potentialAction\":[{\"@type\":\"ReadAction\",\"target\":[\"https:\/\/magicislands.pt\/pt\/madeira\/\"]}]},{\"@type\":\"ImageObject\",\"inLanguage\":\"pt-PT\",\"@id\":\"https:\/\/magicislands.pt\/pt\/madeira\/#primaryimage\",\"url\":\"https:\/\/magicislands.pt\/wp-content\/uploads\/2022\/02\/categorias_madeira.png\",\"contentUrl\":\"https:\/\/magicislands.pt\/wp-content\/uploads\/2022\/02\/categorias_madeira.png\"},{\"@type\":\"WebSite\",\"@id\":\"https:\/\/magicislands.pt\/pt\/#website\",\"url\":\"https:\/\/magicislands.pt\/pt\/\",\"name\":\"Magic Islands\",\"description\":\"Rent a Car A\u00e7ores e Madeira\",\"potentialAction\":[{\"@type\":\"SearchAction\",\"target\":{\"@type\":\"EntryPoint\",\"urlTemplate\":\"https:\/\/magicislands.pt\/pt\/?s={search_term_string}\"},\"query-input\":{\"@type\":\"PropertyValueSpecification\",\"valueRequired\":true,\"valueName\":\"search_term_string\"}}],\"inLanguage\":\"pt-PT\"}]}<\/script>\n<!-- \/ Yoast SEO plugin. -->","yoast_head_json":{"title":"Madeira - Magic Islands","robots":{"index":"index","follow":"follow","max-snippet":"max-snippet:-1","max-image-preview":"max-image-preview:large","max-video-preview":"max-video-preview:-1"},"canonical":"https:\/\/magicislands.pt\/pt\/madeira\/","og_locale":"pt_PT","og_type":"article","og_title":"Madeira - Magic Islands","og_description":"&nbsp; Qual a viatura a selecionar no Funchal? Escolha a melhor tarifa na ilha da Madeira &nbsp; J\u00e1 conhece o Aeroporto do Funchal na Madeira? Sabia que? Derivado \u00e0 elevada procura por parte dos nossos clientes, sentimos a necessidade de explorar esta regi\u00e3o com um dos melhores climas ao longo do ano todo. O Aeroporto [&hellip;]","og_url":"https:\/\/magicislands.pt\/pt\/madeira\/","og_site_name":"Magic Islands","og_image":[{"url":"https:\/\/magicislands.pt\/wp-content\/uploads\/2022\/02\/categorias_madeira.png","type":"","width":"","height":""}],"twitter_card":"summary_large_image","schema":{"@context":"https:\/\/schema.org","@graph":[{"@type":"WebPage","@id":"https:\/\/magicislands.pt\/pt\/madeira\/","url":"https:\/\/magicislands.pt\/pt\/madeira\/","name":"Madeira - Magic Islands","isPartOf":{"@id":"https:\/\/magicislands.pt\/pt\/#website"},"primaryImageOfPage":{"@id":"https:\/\/magicislands.pt\/pt\/madeira\/#primaryimage"},"image":{"@id":"https:\/\/magicislands.pt\/pt\/madeira\/#primaryimage"},"thumbnailUrl":"https:\/\/magicislands.pt\/wp-content\/uploads\/2022\/02\/categorias_madeira.png","datePublished":"2023-07-06T00:00:59+00:00","inLanguage":"pt-PT","potentialAction":[{"@type":"ReadAction","target":["https:\/\/magicislands.pt\/pt\/madeira\/"]}]},{"@type":"ImageObject","inLanguage":"pt-PT","@id":"https:\/\/magicislands.pt\/pt\/madeira\/#primaryimage","url":"https:\/\/magicislands.pt\/wp-content\/uploads\/2022\/02\/categorias_madeira.png","contentUrl":"https:\/\/magicislands.pt\/wp-content\/uploads\/2022\/02\/categorias_madeira.png"},{"@type":"WebSite","@id":"https:\/\/magicislands.pt\/pt\/#website","url":"https:\/\/magicislands.pt\/pt\/","name":"Magic Islands","description":"Rent a Car A\u00e7ores e Madeira","potentialAction":[{"@type":"SearchAction","target":{"@type":"EntryPoint","urlTemplate":"https:\/\/magicislands.pt\/pt\/?s={search_term_string}"},"query-input":{"@type":"PropertyValueSpecification","valueRequired":true,"valueName":"search_term_string"}}],"inLanguage":"pt-PT"}]}},"_links":{"self":[{"href":"https:\/\/magicislands.pt\/pt\/wp-json\/wp\/v2\/pages\/186","targetHints":{"allow":["GET"]}}],"collection":[{"href":"https:\/\/magicislands.pt\/pt\/wp-json\/wp\/v2\/pages"}],"about":[{"href":"https:\/\/magicislands.pt\/pt\/wp-json\/wp\/v2\/types\/page"}],"author":[{"embeddable":true,"href":"https:\/\/magicislands.pt\/pt\/wp-json\/wp\/v2\/users\/1"}],"replies":[{"embeddable":true,"href":"https:\/\/magicislands.pt\/pt\/wp-json\/wp\/v2\/comments?post=186"}],"version-history":[{"count":0,"href":"https:\/\/magicislands.pt\/pt\/wp-json\/wp\/v2\/pages\/186\/revisions"}],"wp:attachment":[{"href":"https:\/\/magicislands.pt\/pt\/wp-json\/wp\/v2\/media?parent=186"}],"curies":[{"name":"wp","href":"https:\/\/api.w.org\/{rel}","templated":true}]}}