{"id":271,"date":"2023-10-12T14:16:02","date_gmt":"2023-10-12T14:16:02","guid":{"rendered":"https:\/\/magicislands.pt\/?page_id=271"},"modified":"2023-10-12T14:39:51","modified_gmt":"2023-10-12T14:39:51","slug":"feedback","status":"publish","type":"page","link":"https:\/\/magicislands.pt\/pt\/feedback\/","title":{"rendered":"Feedback"},"content":{"rendered":"<h2 style=\"text-align: center;\">A sua opini\u00e3o \u00e9 muito importante para n\u00f3s<\/h2>\n<p><img loading=\"lazy\" decoding=\"async\" class=\"aligncenter wp-image-290 size-full\" src=\"https:\/\/magicislands.pt\/wp-content\/uploads\/2023\/10\/feedback.png\" alt=\"\" width=\"650\" height=\"296\" srcset=\"https:\/\/magicislands.pt\/wp-content\/uploads\/2023\/10\/feedback.png 650w, https:\/\/magicislands.pt\/wp-content\/uploads\/2023\/10\/feedback-300x137.png 300w\" sizes=\"auto, (max-width: 650px) 100vw, 650px\" \/><\/p>\n<p style=\"text-align: center;\">Por favor preencha o formul\u00e1rio abaixo para nos enviar o seu feedback:<\/p>\n<div class=\"row justify-content-center\">\n<div class=\"col-10\">\n<div class=\"p-5 shadow\"><div class=\"wpforms-container wpforms-container-full\" id=\"wpforms-267\"><form id=\"wpforms-form-267\" class=\"wpforms-validate wpforms-form wpforms-ajax-form\" data-formid=\"267\" method=\"post\" enctype=\"multipart\/form-data\" action=\"\/pt\/wp-json\/wp\/v2\/pages\/271\" data-token=\"f7b072c5388311ab2976cd32957fff8a\" data-token-time=\"1777556166\"><noscript class=\"wpforms-error-noscript\">Please enable JavaScript in your browser to complete this form.<\/noscript><div class=\"wpforms-field-container\"><div id=\"wpforms-267-field_1-container\" class=\"wpforms-field wpforms-field-radio wpforms-list-inline\" data-field-id=\"1\"><label class=\"wpforms-field-label\">Numa escala de 1 a 10, qual a probabilidade de indicar a Magic Islands a um amigo ou conhecido? <span class=\"wpforms-required-label\">*<\/span><\/label><ul id=\"wpforms-267-field_1\" class=\"wpforms-field-required\"><li class=\"choice-1 depth-1\"><input type=\"radio\" id=\"wpforms-267-field_1_1\" name=\"wpforms[fields][1]\" value=\"Pouco Prov\u00e1vel\" required ><label class=\"wpforms-field-label-inline\" for=\"wpforms-267-field_1_1\">Pouco Prov\u00e1vel<\/label><\/li><li class=\"choice-2 depth-1\"><input type=\"radio\" id=\"wpforms-267-field_1_2\" name=\"wpforms[fields][1]\" value=\"Satisfat\u00f3rio\" required ><label class=\"wpforms-field-label-inline\" for=\"wpforms-267-field_1_2\">Satisfat\u00f3rio<\/label><\/li><li class=\"choice-3 depth-1\"><input type=\"radio\" id=\"wpforms-267-field_1_3\" name=\"wpforms[fields][1]\" value=\"Muito bom\" required ><label class=\"wpforms-field-label-inline\" for=\"wpforms-267-field_1_3\">Muito bom<\/label><\/li><\/ul><\/div><div id=\"wpforms-267-field_2-container\" class=\"wpforms-field wpforms-field-radio wpforms-list-inline\" data-field-id=\"2\"><label class=\"wpforms-field-label\">De modo geral, como avalia a qualidade do atendimento ao cliente realizado pela Magic Islands? <span class=\"wpforms-required-label\">*<\/span><\/label><ul id=\"wpforms-267-field_2\" class=\"wpforms-field-required\"><li class=\"choice-1 depth-1\"><input type=\"radio\" id=\"wpforms-267-field_2_1\" name=\"wpforms[fields][2]\" value=\"Pouco Prov\u00e1vel\" required ><label class=\"wpforms-field-label-inline\" for=\"wpforms-267-field_2_1\">Pouco Prov\u00e1vel<\/label><\/li><li class=\"choice-2 depth-1\"><input type=\"radio\" id=\"wpforms-267-field_2_2\" name=\"wpforms[fields][2]\" value=\"Satisfat\u00f3rio\" required ><label class=\"wpforms-field-label-inline\" for=\"wpforms-267-field_2_2\">Satisfat\u00f3rio<\/label><\/li><li class=\"choice-3 depth-1\"><input type=\"radio\" id=\"wpforms-267-field_2_3\" name=\"wpforms[fields][2]\" value=\"Muito bom\" required ><label class=\"wpforms-field-label-inline\" for=\"wpforms-267-field_2_3\">Muito bom<\/label><\/li><\/ul><\/div><div id=\"wpforms-267-field_3-container\" class=\"wpforms-field wpforms-field-radio wpforms-list-inline\" data-field-id=\"3\"><label class=\"wpforms-field-label\">Qual a sua satisfa\u00e7\u00e3o global relativa \u00e0 limpeza e estado das viaturas? <span class=\"wpforms-required-label\">*<\/span><\/label><ul id=\"wpforms-267-field_3\" class=\"wpforms-field-required\"><li class=\"choice-1 depth-1\"><input type=\"radio\" id=\"wpforms-267-field_3_1\" name=\"wpforms[fields][3]\" value=\"Pouco Prov\u00e1vel\" required ><label class=\"wpforms-field-label-inline\" for=\"wpforms-267-field_3_1\">Pouco Prov\u00e1vel<\/label><\/li><li class=\"choice-2 depth-1\"><input type=\"radio\" id=\"wpforms-267-field_3_2\" name=\"wpforms[fields][3]\" value=\"Satisfat\u00f3rio\" required ><label class=\"wpforms-field-label-inline\" for=\"wpforms-267-field_3_2\">Satisfat\u00f3rio<\/label><\/li><li class=\"choice-3 depth-1\"><input type=\"radio\" id=\"wpforms-267-field_3_3\" name=\"wpforms[fields][3]\" value=\"Muito bom\" required ><label class=\"wpforms-field-label-inline\" for=\"wpforms-267-field_3_3\">Muito bom<\/label><\/li><\/ul><\/div><div id=\"wpforms-267-field_4-container\" class=\"wpforms-field wpforms-field-radio wpforms-list-inline\" data-field-id=\"4\"><label class=\"wpforms-field-label\">Os nossos colaboradores conseguem captar adequadamente as suas d\u00favidas e preocupa\u00e7\u00f5es? <span class=\"wpforms-required-label\">*<\/span><\/label><ul id=\"wpforms-267-field_4\" class=\"wpforms-field-required\"><li class=\"choice-1 depth-1\"><input type=\"radio\" id=\"wpforms-267-field_4_1\" name=\"wpforms[fields][4]\" value=\"Pouco Prov\u00e1vel\" required ><label class=\"wpforms-field-label-inline\" for=\"wpforms-267-field_4_1\">Pouco Prov\u00e1vel<\/label><\/li><li class=\"choice-2 depth-1\"><input type=\"radio\" id=\"wpforms-267-field_4_2\" name=\"wpforms[fields][4]\" value=\"Satisfat\u00f3rio\" required ><label class=\"wpforms-field-label-inline\" for=\"wpforms-267-field_4_2\">Satisfat\u00f3rio<\/label><\/li><li class=\"choice-3 depth-1\"><input type=\"radio\" id=\"wpforms-267-field_4_3\" name=\"wpforms[fields][4]\" value=\"Muito bom\" required ><label class=\"wpforms-field-label-inline\" for=\"wpforms-267-field_4_3\">Muito bom<\/label><\/li><\/ul><\/div><div id=\"wpforms-267-field_5-container\" class=\"wpforms-field wpforms-field-radio wpforms-list-inline\" data-field-id=\"5\"><label class=\"wpforms-field-label\">Qual o seu grau de satisfa\u00e7\u00e3o com a Magic Islands? <span class=\"wpforms-required-label\">*<\/span><\/label><ul id=\"wpforms-267-field_5\" class=\"wpforms-field-required\"><li class=\"choice-1 depth-1\"><input type=\"radio\" id=\"wpforms-267-field_5_1\" name=\"wpforms[fields][5]\" value=\"Muito Insatisfeito\" required ><label class=\"wpforms-field-label-inline\" for=\"wpforms-267-field_5_1\">Muito Insatisfeito<\/label><\/li><li class=\"choice-2 depth-1\"><input type=\"radio\" id=\"wpforms-267-field_5_2\" name=\"wpforms[fields][5]\" value=\"Pouco Insatisfeito\" required ><label class=\"wpforms-field-label-inline\" for=\"wpforms-267-field_5_2\">Pouco Insatisfeito<\/label><\/li><li class=\"choice-3 depth-1\"><input type=\"radio\" id=\"wpforms-267-field_5_3\" name=\"wpforms[fields][5]\" value=\"Muito bom\" required ><label class=\"wpforms-field-label-inline\" for=\"wpforms-267-field_5_3\">Muito bom<\/label><\/li><\/ul><\/div><div id=\"wpforms-267-field_6-container\" class=\"wpforms-field wpforms-field-checkbox wpforms-list-2-columns\" data-field-id=\"6\"><label class=\"wpforms-field-label\">Qual das seguintes palavras usaria para descrever nossos produtos ou servi\u00e7os? Selecione tudo que achar adequado.<\/label><ul id=\"wpforms-267-field_6\"><li class=\"choice-1 depth-1\"><input type=\"checkbox\" id=\"wpforms-267-field_6_1\" name=\"wpforms[fields][6][]\" value=\"Confi\u00e1vel\"  ><label class=\"wpforms-field-label-inline\" for=\"wpforms-267-field_6_1\">Confi\u00e1vel<\/label><\/li><li class=\"choice-2 depth-1\"><input type=\"checkbox\" id=\"wpforms-267-field_6_2\" name=\"wpforms[fields][6][]\" value=\"Muito Caro\"  ><label class=\"wpforms-field-label-inline\" for=\"wpforms-267-field_6_2\">Muito Caro<\/label><\/li><li class=\"choice-3 depth-1\"><input type=\"checkbox\" id=\"wpforms-267-field_6_3\" name=\"wpforms[fields][6][]\" value=\"Ineficaz\"  ><label class=\"wpforms-field-label-inline\" for=\"wpforms-267-field_6_3\">Ineficaz<\/label><\/li><li class=\"choice-8 depth-1\"><input type=\"checkbox\" id=\"wpforms-267-field_6_8\" name=\"wpforms[fields][6][]\" value=\"Alta Qualidade\"  ><label class=\"wpforms-field-label-inline\" for=\"wpforms-267-field_6_8\">Alta Qualidade<\/label><\/li><li class=\"choice-7 depth-1\"><input type=\"checkbox\" id=\"wpforms-267-field_6_7\" name=\"wpforms[fields][6][]\" value=\"\u00datil\"  ><label class=\"wpforms-field-label-inline\" for=\"wpforms-267-field_6_7\">\u00datil<\/label><\/li><li class=\"choice-6 depth-1\"><input type=\"checkbox\" id=\"wpforms-267-field_6_6\" name=\"wpforms[fields][6][]\" value=\"\u00danico\"  ><label class=\"wpforms-field-label-inline\" for=\"wpforms-267-field_6_6\">\u00danico<\/label><\/li><li class=\"choice-5 depth-1\"><input type=\"checkbox\" id=\"wpforms-267-field_6_5\" name=\"wpforms[fields][6][]\" value=\"Baixa Qualidade\"  ><label class=\"wpforms-field-label-inline\" for=\"wpforms-267-field_6_5\">Baixa Qualidade<\/label><\/li><li class=\"choice-4 depth-1\"><input type=\"checkbox\" id=\"wpforms-267-field_6_4\" name=\"wpforms[fields][6][]\" value=\"N\u00e3o confi\u00e1vel\"  ><label class=\"wpforms-field-label-inline\" for=\"wpforms-267-field_6_4\">N\u00e3o confi\u00e1vel<\/label><\/li><\/ul><\/div><div id=\"wpforms-267-field_11-container\" class=\"wpforms-field wpforms-field-textarea\" data-field-id=\"11\"><label class=\"wpforms-field-label\" for=\"wpforms-267-field_11\">Observa\u00e7\u00f5es \/ Sugest\u00f5es<\/label><textarea id=\"wpforms-267-field_11\" class=\"wpforms-field-medium\" name=\"wpforms[fields][11]\" ><\/textarea><\/div><div id=\"wpforms-267-field_7-container\" class=\"wpforms-field wpforms-field-text d-none\" data-field-id=\"7\"><label class=\"wpforms-field-label wpforms-label-hide\" for=\"wpforms-267-field_7\">O seu nome<\/label><input type=\"text\" id=\"wpforms-267-field_7\" class=\"wpforms-field-large\" name=\"wpforms[fields][7]\" ><\/div><div id=\"wpforms-267-field_9-container\" class=\"wpforms-field wpforms-field-email d-none\" data-field-id=\"9\"><label class=\"wpforms-field-label wpforms-label-hide\" for=\"wpforms-267-field_9\">Email<\/label><input type=\"email\" id=\"wpforms-267-field_9\" class=\"wpforms-field-medium\" name=\"wpforms[fields][9]\" spellcheck=\"false\" ><\/div><div id=\"wpforms-267-field_10-container\" class=\"wpforms-field wpforms-field-text d-none\" data-field-id=\"10\"><label class=\"wpforms-field-label wpforms-label-hide\" for=\"wpforms-267-field_10\">Reserva ID<\/label><input type=\"text\" id=\"wpforms-267-field_10\" class=\"wpforms-field-medium\" name=\"wpforms[fields][10]\" ><\/div><\/div><!-- .wpforms-field-container --><div class=\"wpforms-submit-container\" ><input type=\"hidden\" name=\"wpforms[id]\" value=\"267\"><input type=\"hidden\" name=\"page_title\" value=\"\"><input type=\"hidden\" name=\"page_url\" value=\"https:\/\/magicislands.pt\/pt\/wp-json\/wp\/v2\/pages\/271\"><input type=\"hidden\" name=\"url_referer\" value=\"\"><button type=\"submit\" name=\"wpforms[submit]\" id=\"wpforms-submit-267\" class=\"wpforms-submit\" data-alt-text=\"A enviar...\" data-submit-text=\"Enviar feedback\" aria-live=\"assertive\" value=\"wpforms-submit\">Enviar feedback<\/button><img loading=\"lazy\" decoding=\"async\" src=\"https:\/\/magicislands.pt\/wp-content\/plugins\/wpforms\/assets\/images\/submit-spin.svg\" class=\"wpforms-submit-spinner\" style=\"display: none;\" width=\"26\" height=\"26\" alt=\"Loading\"><\/div><\/form><\/div>  <!-- .wpforms-container --><\/div>\n<\/div>\n<\/div>\n","protected":false},"excerpt":{"rendered":"<p>A sua opini\u00e3o \u00e9 muito importante para n\u00f3s Por favor preencha o formul\u00e1rio abaixo para nos enviar o seu feedback:<\/p>\n","protected":false},"author":2,"featured_media":0,"parent":0,"menu_order":0,"comment_status":"closed","ping_status":"closed","template":"","meta":{"_acf_changed":false,"footnotes":""},"class_list":["post-271","page","type-page","status-publish","hentry"],"acf":[],"yoast_head":"<!-- This site is optimized with the Yoast SEO plugin v25.1 - https:\/\/yoast.com\/wordpress\/plugins\/seo\/ -->\n<title>Feedback - Magic Islands<\/title>\n<meta name=\"robots\" content=\"index, follow, max-snippet:-1, max-image-preview:large, max-video-preview:-1\" \/>\n<link rel=\"canonical\" href=\"https:\/\/magicislands.pt\/pt\/feedback\/\" \/>\n<meta property=\"og:locale\" content=\"pt_PT\" \/>\n<meta property=\"og:type\" content=\"article\" \/>\n<meta property=\"og:title\" content=\"Feedback - Magic Islands\" \/>\n<meta property=\"og:description\" content=\"A sua opini\u00e3o \u00e9 muito importante para n\u00f3s Por favor preencha o formul\u00e1rio abaixo para nos enviar o seu feedback:\" \/>\n<meta property=\"og:url\" content=\"https:\/\/magicislands.pt\/pt\/feedback\/\" \/>\n<meta property=\"og:site_name\" content=\"Magic Islands\" \/>\n<meta property=\"article:modified_time\" content=\"2023-10-12T14:39:51+00:00\" \/>\n<meta property=\"og:image\" content=\"https:\/\/magicislands.pt\/wp-content\/uploads\/2023\/10\/feedback.png\" \/>\n<meta name=\"twitter:card\" content=\"summary_large_image\" \/>\n<meta name=\"twitter:label1\" content=\"Tempo estimado de leitura\" \/>\n\t<meta name=\"twitter:data1\" content=\"1 minuto\" \/>\n<script type=\"application\/ld+json\" class=\"yoast-schema-graph\">{\"@context\":\"https:\/\/schema.org\",\"@graph\":[{\"@type\":\"WebPage\",\"@id\":\"https:\/\/magicislands.pt\/pt\/feedback\/\",\"url\":\"https:\/\/magicislands.pt\/pt\/feedback\/\",\"name\":\"Feedback - Magic Islands\",\"isPartOf\":{\"@id\":\"https:\/\/magicislands.pt\/pt\/#website\"},\"primaryImageOfPage\":{\"@id\":\"https:\/\/magicislands.pt\/pt\/feedback\/#primaryimage\"},\"image\":{\"@id\":\"https:\/\/magicislands.pt\/pt\/feedback\/#primaryimage\"},\"thumbnailUrl\":\"https:\/\/magicislands.pt\/wp-content\/uploads\/2023\/10\/feedback.png\",\"datePublished\":\"2023-10-12T14:16:02+00:00\",\"dateModified\":\"2023-10-12T14:39:51+00:00\",\"inLanguage\":\"pt-PT\",\"potentialAction\":[{\"@type\":\"ReadAction\",\"target\":[\"https:\/\/magicislands.pt\/pt\/feedback\/\"]}]},{\"@type\":\"ImageObject\",\"inLanguage\":\"pt-PT\",\"@id\":\"https:\/\/magicislands.pt\/pt\/feedback\/#primaryimage\",\"url\":\"https:\/\/magicislands.pt\/wp-content\/uploads\/2023\/10\/feedback.png\",\"contentUrl\":\"https:\/\/magicislands.pt\/wp-content\/uploads\/2023\/10\/feedback.png\"},{\"@type\":\"WebSite\",\"@id\":\"https:\/\/magicislands.pt\/pt\/#website\",\"url\":\"https:\/\/magicislands.pt\/pt\/\",\"name\":\"Magic Islands\",\"description\":\"Rent a Car A\u00e7ores e Madeira\",\"potentialAction\":[{\"@type\":\"SearchAction\",\"target\":{\"@type\":\"EntryPoint\",\"urlTemplate\":\"https:\/\/magicislands.pt\/pt\/?s={search_term_string}\"},\"query-input\":{\"@type\":\"PropertyValueSpecification\",\"valueRequired\":true,\"valueName\":\"search_term_string\"}}],\"inLanguage\":\"pt-PT\"}]}<\/script>\n<!-- \/ Yoast SEO plugin. -->","yoast_head_json":{"title":"Feedback - Magic Islands","robots":{"index":"index","follow":"follow","max-snippet":"max-snippet:-1","max-image-preview":"max-image-preview:large","max-video-preview":"max-video-preview:-1"},"canonical":"https:\/\/magicislands.pt\/pt\/feedback\/","og_locale":"pt_PT","og_type":"article","og_title":"Feedback - Magic Islands","og_description":"A sua opini\u00e3o \u00e9 muito importante para n\u00f3s Por favor preencha o formul\u00e1rio abaixo para nos enviar o seu feedback:","og_url":"https:\/\/magicislands.pt\/pt\/feedback\/","og_site_name":"Magic Islands","article_modified_time":"2023-10-12T14:39:51+00:00","og_image":[{"url":"https:\/\/magicislands.pt\/wp-content\/uploads\/2023\/10\/feedback.png","type":"","width":"","height":""}],"twitter_card":"summary_large_image","twitter_misc":{"Tempo estimado de leitura":"1 minuto"},"schema":{"@context":"https:\/\/schema.org","@graph":[{"@type":"WebPage","@id":"https:\/\/magicislands.pt\/pt\/feedback\/","url":"https:\/\/magicislands.pt\/pt\/feedback\/","name":"Feedback - Magic Islands","isPartOf":{"@id":"https:\/\/magicislands.pt\/pt\/#website"},"primaryImageOfPage":{"@id":"https:\/\/magicislands.pt\/pt\/feedback\/#primaryimage"},"image":{"@id":"https:\/\/magicislands.pt\/pt\/feedback\/#primaryimage"},"thumbnailUrl":"https:\/\/magicislands.pt\/wp-content\/uploads\/2023\/10\/feedback.png","datePublished":"2023-10-12T14:16:02+00:00","dateModified":"2023-10-12T14:39:51+00:00","inLanguage":"pt-PT","potentialAction":[{"@type":"ReadAction","target":["https:\/\/magicislands.pt\/pt\/feedback\/"]}]},{"@type":"ImageObject","inLanguage":"pt-PT","@id":"https:\/\/magicislands.pt\/pt\/feedback\/#primaryimage","url":"https:\/\/magicislands.pt\/wp-content\/uploads\/2023\/10\/feedback.png","contentUrl":"https:\/\/magicislands.pt\/wp-content\/uploads\/2023\/10\/feedback.png"},{"@type":"WebSite","@id":"https:\/\/magicislands.pt\/pt\/#website","url":"https:\/\/magicislands.pt\/pt\/","name":"Magic Islands","description":"Rent a Car A\u00e7ores e Madeira","potentialAction":[{"@type":"SearchAction","target":{"@type":"EntryPoint","urlTemplate":"https:\/\/magicislands.pt\/pt\/?s={search_term_string}"},"query-input":{"@type":"PropertyValueSpecification","valueRequired":true,"valueName":"search_term_string"}}],"inLanguage":"pt-PT"}]}},"_links":{"self":[{"href":"https:\/\/magicislands.pt\/pt\/wp-json\/wp\/v2\/pages\/271","targetHints":{"allow":["GET"]}}],"collection":[{"href":"https:\/\/magicislands.pt\/pt\/wp-json\/wp\/v2\/pages"}],"about":[{"href":"https:\/\/magicislands.pt\/pt\/wp-json\/wp\/v2\/types\/page"}],"author":[{"embeddable":true,"href":"https:\/\/magicislands.pt\/pt\/wp-json\/wp\/v2\/users\/2"}],"replies":[{"embeddable":true,"href":"https:\/\/magicislands.pt\/pt\/wp-json\/wp\/v2\/comments?post=271"}],"version-history":[{"count":8,"href":"https:\/\/magicislands.pt\/pt\/wp-json\/wp\/v2\/pages\/271\/revisions"}],"predecessor-version":[{"id":292,"href":"https:\/\/magicislands.pt\/pt\/wp-json\/wp\/v2\/pages\/271\/revisions\/292"}],"wp:attachment":[{"href":"https:\/\/magicislands.pt\/pt\/wp-json\/wp\/v2\/media?parent=271"}],"curies":[{"name":"wp","href":"https:\/\/api.w.org\/{rel}","templated":true}]}}